{"id":331,"date":"2025-09-08T12:08:54","date_gmt":"2025-09-08T10:08:54","guid":{"rendered":"https:\/\/beratungpflege.com\/?page_id=331"},"modified":"2025-09-08T12:12:42","modified_gmt":"2025-09-08T10:12:42","slug":"agb","status":"publish","type":"page","link":"https:\/\/beratungpflege.com\/de\/agb\/","title":{"rendered":"Allgemeine Gesch\u00e4ftsbedingungen (AGB)"},"content":{"rendered":"<p><strong>1. Geltungsbereich<\/strong><br>Diese Allgemeinen Gesch\u00e4ftsbedingungen (AGB) gelten f\u00fcr die Nutzung der Website <a href=\"https:\/\/beratungpflege.com\/de\/\">www.beratungpflege.com<\/a> sowie f\u00fcr alle angebotenen Dienstleistungen, insbesondere das Online-Beratungsangebot und die Vermittlung von Pflegekr\u00e4ften.<\/p>\n\n\n\n<p><strong>2. Vertragsparteien<\/strong><br>Die vertraglichen Beziehungen bestehen zwischen:<\/p>\n\n\n\n<ul class=\"wp-block-list\">\n<li><strong>Nutzer:<\/strong> Personen, die eine Pflegekraft oder Beratung anfragen.<\/li>\n\n\n\n<li><strong>Dienstanbieter:<\/strong> Betreiber der Website <a href=\"https:\/\/beratungpflege.com\/de\/\">www.beratungpflege.com<\/a>.<br>(Der Betreiber ist nicht selbst Anbieter von Pflegedienstleistungen, sondern agiert ausschlie\u00dflich als Vermittler.)<\/li>\n<\/ul>\n\n\n\n<p><strong>3. Leistungsbeschreibung<\/strong><\/p>\n\n\n\n<ul class=\"wp-block-list\">\n<li><strong>Online-Beratung:<\/strong> Die Beratung erfolgt telefonisch, per E-Mail oder \u00fcber das Kontaktformular. Ziel ist es, den Nutzer \u00fcber die verf\u00fcgbaren Pflegeoptionen zu informieren.<\/li>\n\n\n\n<li><strong>Vermittlungsdienst:<\/strong> Wir vermitteln qualifizierte Pflegekr\u00e4fte oder Agenturen, die 24-Stunden-Betreuung anbieten.<\/li>\n<\/ul>\n\n\n\n<p><strong>4. Verg\u00fctung<\/strong><br>F\u00fcr Nutzer ist die <strong>Vermittlung kostenlos.<\/strong>Die Verg\u00fctung erfolgt ausschlie\u00dflich durch kooperierende Agenturen oder Pflegekr\u00e4fte.<\/p>\n\n\n\n<p><strong>5. Haftung<\/strong><br>www.beratungpflege.com\n haftet ausschlie\u00dflich f\u00fcr die ordnungsgem\u00e4\u00dfe Vermittlung. F\u00fcr die Qualit\u00e4t der tats\u00e4chlichen Pflegeleistungen ist die jeweilige Agentur oder Pflegekraft verantwortlich. Ein Betreuungsvertrag wird direkt zwischen dem Nutzer und der vermittelten Pflegekraft oder Agentur abgeschlossen.<\/p>\n\n\n\n<p><strong>6. Rechte und Pflichten der Parteien<\/strong><\/p>\n\n\n\n<ul class=\"wp-block-list\">\n<li><strong>Nutzer:<\/strong>\n<ul class=\"wp-block-list\">\n<li>Verpflichtung zur Angabe wahrheitsgem\u00e4\u00dfer Informationen.<\/li>\n\n\n\n<li>Recht auf Auskunft und Widerruf des Antrags.<\/li>\n<\/ul>\n<\/li>\n\n\n\n<li><strong>Dienstanbieter:<\/strong>\n<ul class=\"wp-block-list\">\n<li>Pflicht zur sorgf\u00e4ltigen und datenschutzkonformen Vermittlung.<\/li>\n\n\n\n<li>Recht auf Erhebung und Verarbeitung der erforderlichen Daten.<\/li>\n<\/ul>\n<\/li>\n<\/ul>","protected":false},"excerpt":{"rendered":"<p>1. Podru\u010dje primjeneOvi op\u0107i uslovi poslovanja primjenjuju se na kori\u0161tenje web stranice www.beratungpflege.com i sve ponu\u0111ene usluge, posebno online savjetovanje i posredovanje u pronalasku njegovatelja. 2. Ugovorne straneUgovor se zaklju\u010duje izme\u0111u: 3. Opis usluge 4. NaknadaUsluga posredovanja je besplatna za korisnike. Naknada se napla\u0107uje od strane partnerskih agencija ili njegovatelja. 5. Odgovornostberatungpflege.com je odgovoran isklju\u010divo [&hellip;]<\/p>\n","protected":false},"author":1,"featured_media":0,"parent":0,"menu_order":0,"comment_status":"closed","ping_status":"closed","template":"","meta":{"_acf_changed":false,"footnotes":""},"class_list":["post-331","page","type-page","status-publish","hentry"],"acf":[],"_links":{"self":[{"href":"https:\/\/beratungpflege.com\/de\/wp-json\/wp\/v2\/pages\/331","targetHints":{"allow":["GET"]}}],"collection":[{"href":"https:\/\/beratungpflege.com\/de\/wp-json\/wp\/v2\/pages"}],"about":[{"href":"https:\/\/beratungpflege.com\/de\/wp-json\/wp\/v2\/types\/page"}],"author":[{"embeddable":true,"href":"https:\/\/beratungpflege.com\/de\/wp-json\/wp\/v2\/users\/1"}],"replies":[{"embeddable":true,"href":"https:\/\/beratungpflege.com\/de\/wp-json\/wp\/v2\/comments?post=331"}],"version-history":[{"count":5,"href":"https:\/\/beratungpflege.com\/de\/wp-json\/wp\/v2\/pages\/331\/revisions"}],"predecessor-version":[{"id":339,"href":"https:\/\/beratungpflege.com\/de\/wp-json\/wp\/v2\/pages\/331\/revisions\/339"}],"wp:attachment":[{"href":"https:\/\/beratungpflege.com\/de\/wp-json\/wp\/v2\/media?parent=331"}],"curies":[{"name":"wp","href":"https:\/\/api.w.org\/{rel}","templated":true}]}}