{"id":423,"date":"2025-10-16T14:28:32","date_gmt":"2025-10-16T12:28:32","guid":{"rendered":"https:\/\/beratungpflege.com\/?page_id=423"},"modified":"2026-02-06T16:56:52","modified_gmt":"2026-02-06T15:56:52","slug":"impressum","status":"publish","type":"page","link":"https:\/\/beratungpflege.com\/de\/impressum\/","title":{"rendered":"Impressum"},"content":{"rendered":"<p><strong>Angaben gem\u00e4\u00df \u00a7 5 TMG<\/strong><\/p>\n\n\n\n<p><strong>Verantwortlich f\u00fcr den Inhalt dieser Website:<br><\/strong>Bojan Vidakovic<br>beratungpflege.com<br>Waldstra\u00dfe 282<br>63071 Offenbach<br>Deutschland<\/p>\n\n\n\n<p>\ud83d\udcde Telefon: +49 (0) 176 579 610 27<br>\ud83d\udce7 E-Mail: info@beratungpflege.com<\/p>\n\n\n\n<p>\ud83c\udf10 Website: https:\/\/www.beratungpflege.com<\/p>\n\n\n\n<p>\ud83e\uddfe Rechtsform: Freiberufler<\/p>\n\n\n\n<h2 class=\"wp-block-heading\">Haftungsausschluss (Haftung f\u00fcr Inhalte)<\/h2>\n\n\n\n<p>Als Diensteanbieter sind wir gem\u00e4\u00df \u00a7 7 Abs.1 TMG f\u00fcr eigene Inhalte auf diesen Seiten nach den allgemeinen Gesetzen verpflichtet.<br>Nach \u00a7\u00a7 8 bis 10 TMG sind wir als Diensteanbieter jedoch nicht verpflichtet, die \u00dcbermittlung oder \u00dcbermittlung fremder Informationen zu \u00fcberwachen.<\/p>\n\n\n\n<p>Verpflichtungen zur Entfernung oder Sperrung der Nutzung von Informationen nach den allgemeinen Gesetzen bleiben hiervon unber\u00fchrt. Eine diesbez\u00fcgliche Haftung ist jedoch erst ab dem Zeitpunkt der Kenntnis einer konkreten Rechtsverletzung m\u00f6glich.<\/p>\n\n\n\n<p>Bei Bekanntwerden von entsprechenden Rechtsverletzungen werden wir diese Inhalte umgehend entfernen.<\/p>\n\n\n\n<h2 class=\"wp-block-heading\">Haftung f\u00fcr Links<\/h2>\n\n\n\n<p>Unser Angebot enth\u00e4lt Links zu externen Websites Dritter, auf deren Inhalte wir keinen Einfluss haben. Degrah k\u00f6nnen wir f\u00fcr diese fremden Inhalte auch keine Gew\u00e4hr aufkehren.<br>F\u00fcr die Inhalte der verlinkten Seiten gilt stets die Beschreibung des Anbieters oder Betreibers der Seiten.<\/p>\n\n\n\n<p>Zur Zeitung der Verlinkung wurden die verlinkten Seiten auf m\u00f6gliche Rechtsverst\u00f6\u00dfe verstellt. Rechtswidrige Inhalte wurden zur Zeitung der Verlinkung nicht erkannt.<\/p>\n\n\n\n<p>Eine permanente inhaltliche Kontrolle der verlinkten Seiten ist jedoch ohne konkrete Anhaltspunkte einer Rechtsverletzung nicht zumutbar.<br>Bei Bekanntwerden von Rechtsverletzungen werden wir taschereite Links umgehend entfernen.<\/p>\n\n\n\n<h2 class=\"wp-block-heading\">Copyright<\/h2>\n\n\n\n<p>Die durch den Seitenbetreiber erstellten Inhalte und Werke auf diesen Seiten unterliegen dem deutschen Urheberrecht.<br>Die Vervielf\u00e4ltigung, Bearbeitung, Verbreitung und jede Art der Verwertung au\u00dferhalb der Grenzen des Urheberrechts bed\u00fcrfen der schriftlichen Zustimmung des Autors bzw. der Zustellungen. Ersteller.<\/p>\n\n\n\n<p>Downloads und Kopien dieser Seite sind nur f\u00fcr den privaten, nicht kommerziellen Gebrauch gedacht.<\/p>","protected":false},"excerpt":{"rendered":"<p><!-- Built With Bricks --><\/p>","protected":false},"author":1,"featured_media":0,"parent":0,"menu_order":0,"comment_status":"closed","ping_status":"closed","template":"","meta":{"_acf_changed":false,"footnotes":""},"class_list":["post-423","page","type-page","status-publish","hentry"],"acf":[],"_links":{"self":[{"href":"https:\/\/beratungpflege.com\/de\/wp-json\/wp\/v2\/pages\/423","targetHints":{"allow":["GET"]}}],"collection":[{"href":"https:\/\/beratungpflege.com\/de\/wp-json\/wp\/v2\/pages"}],"about":[{"href":"https:\/\/beratungpflege.com\/de\/wp-json\/wp\/v2\/types\/page"}],"author":[{"embeddable":true,"href":"https:\/\/beratungpflege.com\/de\/wp-json\/wp\/v2\/users\/1"}],"replies":[{"embeddable":true,"href":"https:\/\/beratungpflege.com\/de\/wp-json\/wp\/v2\/comments?post=423"}],"version-history":[{"count":8,"href":"https:\/\/beratungpflege.com\/de\/wp-json\/wp\/v2\/pages\/423\/revisions"}],"predecessor-version":[{"id":510,"href":"https:\/\/beratungpflege.com\/de\/wp-json\/wp\/v2\/pages\/423\/revisions\/510"}],"wp:attachment":[{"href":"https:\/\/beratungpflege.com\/de\/wp-json\/wp\/v2\/media?parent=423"}],"curies":[{"name":"wp","href":"https:\/\/api.w.org\/{rel}","templated":true}]}}